{"id":812,"date":"2022-06-23T10:37:29","date_gmt":"2022-06-23T13:37:29","guid":{"rendered":"https:\/\/agenciatv3.com.br\/?page_id=812"},"modified":"2022-06-23T12:12:24","modified_gmt":"2022-06-23T15:12:24","slug":"premiacoes","status":"publish","type":"page","link":"https:\/\/agenciatv3.com.br\/index.php\/premiacoes\/","title":{"rendered":"PREMIA\u00c7\u00d5ES"},"content":{"rendered":"\t\t<div data-elementor-type=\"wp-page\" data-elementor-id=\"812\" class=\"elementor elementor-812\">\n\t\t\t\t\t\t\t\t\t<section class=\"elementor-section elementor-top-section elementor-element elementor-element-7b30e84a elementor-section-boxed elementor-section-height-default elementor-section-height-default\" data-id=\"7b30e84a\" data-element_type=\"section\" data-settings=\"{&quot;background_background&quot;:&quot;classic&quot;}\">\n\t\t\t\t\t\t<div class=\"elementor-container elementor-column-gap-default\">\n\t\t\t\t\t<div class=\"elementor-column elementor-col-100 elementor-top-column elementor-element elementor-element-503806b4\" data-id=\"503806b4\" data-element_type=\"column\">\n\t\t\t<div class=\"elementor-widget-wrap elementor-element-populated\">\n\t\t\t\t\t\t\t\t<section class=\"elementor-section elementor-inner-section elementor-element elementor-element-2af143f6 elementor-section-boxed elementor-section-height-default elementor-section-height-default\" data-id=\"2af143f6\" data-element_type=\"section\">\n\t\t\t\t\t\t<div class=\"elementor-container elementor-column-gap-default\">\n\t\t\t\t\t<div class=\"elementor-column elementor-col-100 elementor-inner-column elementor-element elementor-element-72a7d7be\" data-id=\"72a7d7be\" data-element_type=\"column\">\n\t\t\t<div class=\"elementor-widget-wrap elementor-element-populated\">\n\t\t\t\t\t\t\t\t<div class=\"elementor-element elementor-element-7301ef5 elementor-widget elementor-widget-text-editor\" data-id=\"7301ef5\" data-element_type=\"widget\" data-widget_type=\"text-editor.default\">\n\t\t\t\t<div class=\"elementor-widget-container\">\n\t\t\t<style>\/*! elementor - v3.6.6 - 08-06-2022 *\/\n.elementor-widget-text-editor.elementor-drop-cap-view-stacked .elementor-drop-cap{background-color:#818a91;color:#fff}.elementor-widget-text-editor.elementor-drop-cap-view-framed .elementor-drop-cap{color:#818a91;border:3px solid;background-color:transparent}.elementor-widget-text-editor:not(.elementor-drop-cap-view-default) .elementor-drop-cap{margin-top:8px}.elementor-widget-text-editor:not(.elementor-drop-cap-view-default) .elementor-drop-cap-letter{width:1em;height:1em}.elementor-widget-text-editor .elementor-drop-cap{float:left;text-align:center;line-height:1;font-size:50px}.elementor-widget-text-editor .elementor-drop-cap-letter{display:inline-block}<\/style>\t\t\t\t<p><a href=\"https:\/\/agenciatv3.com.br\/\"><img loading=\"lazy\" class=\"wp-image-342 aligncenter\" src=\"https:\/\/i0.wp.com\/agenciatv3.com.br\/wp-content\/uploads\/2022\/06\/site-logo-completa-min.gif?resize=151%2C64\" alt=\"\" width=\"151\" height=\"64\" data-recalc-dims=\"1\" \/><\/a><\/p>\t\t\t\t\t\t<\/div>\n\t\t\t\t<\/div>\n\t\t\t\t\t<\/div>\n\t\t<\/div>\n\t\t\t\t\t\t\t<\/div>\n\t\t<\/section>\n\t\t\t\t\t<\/div>\n\t\t<\/div>\n\t\t\t\t\t\t\t<\/div>\n\t\t<\/section>\n\t\t\t\t<section class=\"elementor-section elementor-top-section elementor-element elementor-element-2d4601c9 elementor-section-full_width elementor-section-height-default elementor-section-height-default\" data-id=\"2d4601c9\" data-element_type=\"section\" data-settings=\"{&quot;background_background&quot;:&quot;classic&quot;}\">\n\t\t\t\t\t\t\t<div class=\"elementor-background-overlay\"><\/div>\n\t\t\t\t\t\t\t<div class=\"elementor-container elementor-column-gap-default\">\n\t\t\t\t\t<div class=\"elementor-column elementor-col-100 elementor-top-column elementor-element elementor-element-755d1b35\" data-id=\"755d1b35\" data-element_type=\"column\">\n\t\t\t<div class=\"elementor-widget-wrap elementor-element-populated\">\n\t\t\t\t\t\t\t\t<section class=\"elementor-section elementor-inner-section elementor-element elementor-element-6bf5daad elementor-section-boxed elementor-section-height-default elementor-section-height-default\" data-id=\"6bf5daad\" data-element_type=\"section\">\n\t\t\t\t\t\t<div class=\"elementor-container elementor-column-gap-default\">\n\t\t\t\t\t<div class=\"elementor-column elementor-col-100 elementor-inner-column elementor-element elementor-element-2018a148\" data-id=\"2018a148\" data-element_type=\"column\">\n\t\t\t<div class=\"elementor-widget-wrap elementor-element-populated\">\n\t\t\t\t\t\t\t\t<div class=\"elementor-element elementor-element-f49dc76 elementor-widget elementor-widget-heading\" data-id=\"f49dc76\" data-element_type=\"widget\" data-widget_type=\"heading.default\">\n\t\t\t\t<div class=\"elementor-widget-container\">\n\t\t\t<style>\/*! elementor - v3.6.6 - 08-06-2022 *\/\n.elementor-heading-title{padding:0;margin:0;line-height:1}.elementor-widget-heading .elementor-heading-title[class*=elementor-size-]>a{color:inherit;font-size:inherit;line-height:inherit}.elementor-widget-heading .elementor-heading-title.elementor-size-small{font-size:15px}.elementor-widget-heading .elementor-heading-title.elementor-size-medium{font-size:19px}.elementor-widget-heading .elementor-heading-title.elementor-size-large{font-size:29px}.elementor-widget-heading .elementor-heading-title.elementor-size-xl{font-size:39px}.elementor-widget-heading .elementor-heading-title.elementor-size-xxl{font-size:59px}<\/style><h2 class=\"elementor-heading-title elementor-size-default\">PREMIA\u00c7\u00d5ES<\/h2>\t\t<\/div>\n\t\t\t\t<\/div>\n\t\t\t\t\t<\/div>\n\t\t<\/div>\n\t\t\t\t\t\t\t<\/div>\n\t\t<\/section>\n\t\t\t\t<div class=\"elementor-element elementor-element-1426ef76 elementor-widget elementor-widget-spacer\" data-id=\"1426ef76\" data-element_type=\"widget\" data-widget_type=\"spacer.default\">\n\t\t\t\t<div class=\"elementor-widget-container\">\n\t\t\t<style>\/*! elementor - v3.6.6 - 08-06-2022 *\/\n.e-container.e-container--row .elementor-spacer-inner{width:var(--spacer-size)}.e-container.e-container--column .elementor-spacer-inner,.elementor-column .elementor-spacer-inner{height:var(--spacer-size)}<\/style>\t\t<div class=\"elementor-spacer\">\n\t\t\t<div class=\"elementor-spacer-inner\"><\/div>\n\t\t<\/div>\n\t\t\t\t<\/div>\n\t\t\t\t<\/div>\n\t\t\t\t<div class=\"elementor-element elementor-element-0a912a7 elementor-widget elementor-widget-text-editor\" data-id=\"0a912a7\" data-element_type=\"widget\" data-widget_type=\"text-editor.default\">\n\t\t\t\t<div class=\"elementor-widget-container\">\n\t\t\t\t\t\t\t<p><img loading=\"lazy\" class=\"wp-image-745 aligncenter\" src=\"https:\/\/i0.wp.com\/agenciatv3.com.br\/wp-content\/uploads\/2022\/06\/TROFEU-min.png?resize=63%2C84\" alt=\"\" width=\"63\" height=\"84\" data-recalc-dims=\"1\" srcset=\"https:\/\/i0.wp.com\/agenciatv3.com.br\/wp-content\/uploads\/2022\/06\/TROFEU-min.png?w=1349&amp;ssl=1 1349w, https:\/\/i0.wp.com\/agenciatv3.com.br\/wp-content\/uploads\/2022\/06\/TROFEU-min.png?resize=224%2C300&amp;ssl=1 224w, https:\/\/i0.wp.com\/agenciatv3.com.br\/wp-content\/uploads\/2022\/06\/TROFEU-min.png?resize=764%2C1024&amp;ssl=1 764w, https:\/\/i0.wp.com\/agenciatv3.com.br\/wp-content\/uploads\/2022\/06\/TROFEU-min.png?resize=768%2C1030&amp;ssl=1 768w, https:\/\/i0.wp.com\/agenciatv3.com.br\/wp-content\/uploads\/2022\/06\/TROFEU-min.png?resize=1145%2C1536&amp;ssl=1 1145w\" sizes=\"(max-width: 63px) 100vw, 63px\" \/><\/p><p style=\"font-weight: 400; text-align: center;\"><span style=\"font-size: 18pt;\"><strong>2013<\/strong><\/span><\/p><p style=\"font-weight: 400; text-align: center;\"><strong>Ve\u00edculo: R\u00c1DIO<\/strong><\/p><p style=\"font-weight: 400; text-align: center;\">Categoria: SERVI\u00c7OS P\u00daBLICOS, SOCIAL e COMUNIT\u00c1RIO<\/p><p style=\"font-weight: 400; text-align: center;\">Lugar: 1\u00ba Lugar \u2013 Anunciante Assembleia Legislativa TO<\/p><p style=\"font-weight: 400; text-align: center;\">Lugar: 2\u00ba Lugar \u2013 Anunciante Assembleia Legislativa TO &#8211; \u00a0CPI Telefonia Gurupi<\/p>\t\t\t\t\t\t<\/div>\n\t\t\t\t<\/div>\n\t\t\t\t<div class=\"elementor-element elementor-element-2c00f11 elementor-widget elementor-widget-text-editor\" data-id=\"2c00f11\" data-element_type=\"widget\" data-widget_type=\"text-editor.default\">\n\t\t\t\t<div class=\"elementor-widget-container\">\n\t\t\t\t\t\t\t<p><img loading=\"lazy\" class=\"wp-image-745 aligncenter\" src=\"https:\/\/i0.wp.com\/agenciatv3.com.br\/wp-content\/uploads\/2022\/06\/TROFEU-min.png?resize=63%2C84\" alt=\"\" width=\"63\" height=\"84\" data-recalc-dims=\"1\" srcset=\"https:\/\/i0.wp.com\/agenciatv3.com.br\/wp-content\/uploads\/2022\/06\/TROFEU-min.png?w=1349&amp;ssl=1 1349w, https:\/\/i0.wp.com\/agenciatv3.com.br\/wp-content\/uploads\/2022\/06\/TROFEU-min.png?resize=224%2C300&amp;ssl=1 224w, https:\/\/i0.wp.com\/agenciatv3.com.br\/wp-content\/uploads\/2022\/06\/TROFEU-min.png?resize=764%2C1024&amp;ssl=1 764w, https:\/\/i0.wp.com\/agenciatv3.com.br\/wp-content\/uploads\/2022\/06\/TROFEU-min.png?resize=768%2C1030&amp;ssl=1 768w, https:\/\/i0.wp.com\/agenciatv3.com.br\/wp-content\/uploads\/2022\/06\/TROFEU-min.png?resize=1145%2C1536&amp;ssl=1 1145w\" sizes=\"(max-width: 63px) 100vw, 63px\" \/><\/p><p style=\"font-weight: 400; text-align: center;\"><span style=\"font-size: 18pt;\"><strong>2014<\/strong><\/span><\/p><p style=\"font-weight: 400; text-align: center;\"><strong>Ve\u00edculo: R\u00c1DIO<\/strong><\/p><p style=\"font-weight: 400; text-align: center;\">Categoria: SERVI\u00c7OS P\u00daBLICOS, SOCIAL e COMUNIT\u00c1RIO<\/p><p style=\"font-weight: 400; text-align: center;\">Lugar: 3\u00ba Lugar \u2013 Assembleia Legislativa &#8211; TO &#8211; Anivers\u00e1rio Tocantins<\/p>\t\t\t\t\t\t<\/div>\n\t\t\t\t<\/div>\n\t\t\t\t<div class=\"elementor-element elementor-element-49ba84a elementor-widget elementor-widget-text-editor\" data-id=\"49ba84a\" data-element_type=\"widget\" data-widget_type=\"text-editor.default\">\n\t\t\t\t<div class=\"elementor-widget-container\">\n\t\t\t\t\t\t\t<p><img loading=\"lazy\" class=\"wp-image-745 aligncenter\" src=\"https:\/\/i0.wp.com\/agenciatv3.com.br\/wp-content\/uploads\/2022\/06\/TROFEU-min.png?resize=63%2C84\" alt=\"\" width=\"63\" height=\"84\" data-recalc-dims=\"1\" srcset=\"https:\/\/i0.wp.com\/agenciatv3.com.br\/wp-content\/uploads\/2022\/06\/TROFEU-min.png?w=1349&amp;ssl=1 1349w, https:\/\/i0.wp.com\/agenciatv3.com.br\/wp-content\/uploads\/2022\/06\/TROFEU-min.png?resize=224%2C300&amp;ssl=1 224w, https:\/\/i0.wp.com\/agenciatv3.com.br\/wp-content\/uploads\/2022\/06\/TROFEU-min.png?resize=764%2C1024&amp;ssl=1 764w, https:\/\/i0.wp.com\/agenciatv3.com.br\/wp-content\/uploads\/2022\/06\/TROFEU-min.png?resize=768%2C1030&amp;ssl=1 768w, https:\/\/i0.wp.com\/agenciatv3.com.br\/wp-content\/uploads\/2022\/06\/TROFEU-min.png?resize=1145%2C1536&amp;ssl=1 1145w\" sizes=\"(max-width: 63px) 100vw, 63px\" \/><\/p><p style=\"font-weight: 400; text-align: center;\"><span style=\"font-size: 18pt;\"><strong>2016<\/strong><\/span><\/p><p style=\"font-weight: 400; text-align: center;\"><strong>Ve\u00edculo: DIGITAL<\/strong><\/p><p style=\"font-weight: 400; text-align: center;\">Categoria:\u00a0 \u00daNICA<\/p><p style=\"font-weight: 400; text-align: center;\">Lugar: 1\u00ba Lugar \u2013 SECRETARIA DA COMUNICACAO SOCIAL &#8211; Preven\u00e7\u00e3o a Queimadas 2016<\/p><p style=\"font-weight: 400; text-align: center;\"><strong>Ve\u00edculo: R\u00c1DIO<\/strong><\/p><p style=\"font-weight: 400; text-align: center;\">Categoria: SERVI\u00c7OS P\u00daBLICOS, SOCIAL e COMUNIT\u00c1RIO<\/p><p style=\"font-weight: 400; text-align: center;\">Lugar: 1\u00ba Lugar \u2013 SECRETARIA DA COMUNICACAO SOCIAL &#8211; Preven\u00e7\u00e3o a Queimadas 2016<\/p><p style=\"font-weight: 400; text-align: center;\">Categoria: PRODUTOS E SERVI\u00c7OS<\/p><p style=\"font-weight: 400; text-align: center;\">Lugar: 1\u00ba Lugar \u2013 BEM MAIOR ATACADO E VAREJO LTDA &#8211; Jingle Bem Maior<\/p><p style=\"font-weight: 400; text-align: center;\"><strong>Ve\u00edculo: TELEVIS\u00c3O<\/strong><\/p><p style=\"font-weight: 400; text-align: center;\">Categoria: SERVI\u00c7OS P\u00daBLICOS, SOCIAL e COMUNIT\u00c1RIO<\/p><p style=\"font-weight: 400; text-align: center;\">Lugar: 1\u00ba Lugar \u2013 SECRETARIA DA COMUNICACAO SOCIAL &#8211; Preven\u00e7\u00e3o a Queimadas 2016<\/p>\t\t\t\t\t\t<\/div>\n\t\t\t\t<\/div>\n\t\t\t\t<div class=\"elementor-element elementor-element-8082755 elementor-widget elementor-widget-text-editor\" data-id=\"8082755\" data-element_type=\"widget\" data-widget_type=\"text-editor.default\">\n\t\t\t\t<div class=\"elementor-widget-container\">\n\t\t\t\t\t\t\t<p><img loading=\"lazy\" class=\"wp-image-745 aligncenter\" src=\"https:\/\/i0.wp.com\/agenciatv3.com.br\/wp-content\/uploads\/2022\/06\/TROFEU-min.png?resize=63%2C84\" alt=\"\" width=\"63\" height=\"84\" data-recalc-dims=\"1\" srcset=\"https:\/\/i0.wp.com\/agenciatv3.com.br\/wp-content\/uploads\/2022\/06\/TROFEU-min.png?w=1349&amp;ssl=1 1349w, https:\/\/i0.wp.com\/agenciatv3.com.br\/wp-content\/uploads\/2022\/06\/TROFEU-min.png?resize=224%2C300&amp;ssl=1 224w, https:\/\/i0.wp.com\/agenciatv3.com.br\/wp-content\/uploads\/2022\/06\/TROFEU-min.png?resize=764%2C1024&amp;ssl=1 764w, https:\/\/i0.wp.com\/agenciatv3.com.br\/wp-content\/uploads\/2022\/06\/TROFEU-min.png?resize=768%2C1030&amp;ssl=1 768w, https:\/\/i0.wp.com\/agenciatv3.com.br\/wp-content\/uploads\/2022\/06\/TROFEU-min.png?resize=1145%2C1536&amp;ssl=1 1145w\" sizes=\"(max-width: 63px) 100vw, 63px\" \/><\/p><p style=\"font-weight: 400; text-align: center;\"><span style=\"font-size: 18pt;\"><strong>2017<\/strong><\/span><\/p><p style=\"font-weight: 400; text-align: center;\"><strong>Ve\u00edculo: R\u00c1DIO<\/strong><\/p><p style=\"font-weight: 400; text-align: center;\">Categoria: SERVI\u00c7O P\u00daBLICO<\/p><p style=\"font-weight: 400; text-align: center;\">Lugar: 2\u00ba Lugar \u2013 SECRETARIA DA COMUNICACAO SOCIAL &#8211; SPOT FEBRE AFTOSA 2017-1\u00aa ETAPA<\/p><p style=\"font-weight: 400; text-align: center;\">\u00a0<\/p><p style=\"font-weight: 400; text-align: center;\"><strong>Ve\u00edculo: TELEVIS\u00c3O<\/strong><\/p><p style=\"font-weight: 400; text-align: center;\">Categoria: SERVI\u00c7O P\u00daBLICO<\/p><p style=\"font-weight: 400; text-align: center;\">Lugar: 1\u00ba Lugar \u2013 ESTADO DO TOCANTINS ASSEMBLEIA LEGISLATIVA &#8211; NOVO JEITO<\/p><p style=\"font-weight: 400; text-align: center;\">2\u00ba Lugar \u2013 SECRETARIA DA COMUNICA\u00c7\u00c3O SOCIAL &#8211; VT PREVEN\u00c7\u00c3O \u00c0S QUEIMADAS 2017<\/p><p style=\"font-weight: 400; text-align: center;\">3\u00ba Lugar \u2013 C\u00c2MARA MUNICIPAL DE PALMAS &#8211; ANIVERS\u00c1RIO PALMAS C\u00c2MARA<\/p>\t\t\t\t\t\t<\/div>\n\t\t\t\t<\/div>\n\t\t\t\t<div class=\"elementor-element elementor-element-aecb063 elementor-widget elementor-widget-text-editor\" data-id=\"aecb063\" data-element_type=\"widget\" data-widget_type=\"text-editor.default\">\n\t\t\t\t<div class=\"elementor-widget-container\">\n\t\t\t\t\t\t\t<p><img loading=\"lazy\" class=\"wp-image-745 aligncenter\" src=\"https:\/\/i0.wp.com\/agenciatv3.com.br\/wp-content\/uploads\/2022\/06\/TROFEU-min.png?resize=63%2C84\" alt=\"\" width=\"63\" height=\"84\" data-recalc-dims=\"1\" srcset=\"https:\/\/i0.wp.com\/agenciatv3.com.br\/wp-content\/uploads\/2022\/06\/TROFEU-min.png?w=1349&amp;ssl=1 1349w, https:\/\/i0.wp.com\/agenciatv3.com.br\/wp-content\/uploads\/2022\/06\/TROFEU-min.png?resize=224%2C300&amp;ssl=1 224w, https:\/\/i0.wp.com\/agenciatv3.com.br\/wp-content\/uploads\/2022\/06\/TROFEU-min.png?resize=764%2C1024&amp;ssl=1 764w, https:\/\/i0.wp.com\/agenciatv3.com.br\/wp-content\/uploads\/2022\/06\/TROFEU-min.png?resize=768%2C1030&amp;ssl=1 768w, https:\/\/i0.wp.com\/agenciatv3.com.br\/wp-content\/uploads\/2022\/06\/TROFEU-min.png?resize=1145%2C1536&amp;ssl=1 1145w\" sizes=\"(max-width: 63px) 100vw, 63px\" \/><\/p><p style=\"font-weight: 400; text-align: center;\"><span style=\"font-size: 18pt;\"><strong>2018<\/strong><\/span><\/p><p style=\"font-weight: 400; text-align: center;\"><strong>Ve\u00edculo: R\u00c1DIO<\/strong><\/p><p style=\"font-weight: 400; text-align: center;\">Categoria: SERVI\u00c7O P\u00daBLICO<\/p><p style=\"font-weight: 400; text-align: center;\">Lugar: 2\u00ba Lugar \u2013 ESTADO DO TOCANTINS ASSEMBLEIA LEGISLATIVA &#8211; TRANSPOSI\u00c7\u00c3O RIO TOCANTINS<\/p><p style=\"font-weight: 400; text-align: center;\"><strong>Ve\u00edculo: IMPRESSO<\/strong><\/p><p style=\"font-weight: 400; text-align: center;\">Categoria: \u00daNICA<\/p><p style=\"font-weight: 400; text-align: center;\">Lugar: 2\u00ba Lugar \u2013 SECRETARIA DA COMUNICACAO SOCIAL &#8211; JORNAL &#8211; QUEIMADAS 2018<\/p>\t\t\t\t\t\t<\/div>\n\t\t\t\t<\/div>\n\t\t\t\t<div class=\"elementor-element elementor-element-439b526a elementor-widget elementor-widget-spacer\" data-id=\"439b526a\" data-element_type=\"widget\" data-widget_type=\"spacer.default\">\n\t\t\t\t<div class=\"elementor-widget-container\">\n\t\t\t\t\t<div class=\"elementor-spacer\">\n\t\t\t<div class=\"elementor-spacer-inner\"><\/div>\n\t\t<\/div>\n\t\t\t\t<\/div>\n\t\t\t\t<\/div>\n\t\t\t\t<div class=\"elementor-element elementor-element-65d7098d elementor-widget elementor-widget-spacer\" data-id=\"65d7098d\" data-element_type=\"widget\" data-widget_type=\"spacer.default\">\n\t\t\t\t<div class=\"elementor-widget-container\">\n\t\t\t\t\t<div class=\"elementor-spacer\">\n\t\t\t<div class=\"elementor-spacer-inner\"><\/div>\n\t\t<\/div>\n\t\t\t\t<\/div>\n\t\t\t\t<\/div>\n\t\t\t\t<section class=\"elementor-section elementor-inner-section elementor-element elementor-element-6396303d elementor-section-boxed elementor-section-height-default elementor-section-height-default\" data-id=\"6396303d\" data-element_type=\"section\">\n\t\t\t\t\t\t<div class=\"elementor-container elementor-column-gap-default\">\n\t\t\t\t\t<div class=\"elementor-column elementor-col-50 elementor-inner-column elementor-element elementor-element-535be297\" data-id=\"535be297\" data-element_type=\"column\">\n\t\t\t<div class=\"elementor-widget-wrap elementor-element-populated\">\n\t\t\t\t\t\t\t\t<div class=\"elementor-element elementor-element-49a77cf8 elementor-widget elementor-widget-text-editor\" data-id=\"49a77cf8\" data-element_type=\"widget\" data-widget_type=\"text-editor.default\">\n\t\t\t\t<div class=\"elementor-widget-container\">\n\t\t\t\t\t\t\t<iframe src=\"https:\/\/www.google.com\/maps\/embed?pb=!1m18!1m12!1m3!1d3926.8441001155793!2d-48.338394016027465!3d-10.193313044240774!2m3!1f0!2f0!3f0!3m2!1i1024!2i768!4f13.1!3m3!1m2!1s0x9324cb48c9e9e5eb%3A0x2c02818b59c05c9f!2sUrban%20Futuro!5e0!3m2!1spt-BR!2sbr!4v1654086788102!5m2!1spt-BR!2sbr\" width=\"600\" height=\"450\" style=\"border:0;\" allowfullscreen=\"\" loading=\"lazy\" referrerpolicy=\"no-referrer-when-downgrade\"><\/iframe>\t\t\t\t\t\t<\/div>\n\t\t\t\t<\/div>\n\t\t\t\t\t<\/div>\n\t\t<\/div>\n\t\t\t\t<div class=\"elementor-column elementor-col-50 elementor-inner-column elementor-element elementor-element-6bb1e69\" data-id=\"6bb1e69\" data-element_type=\"column\">\n\t\t\t<div class=\"elementor-widget-wrap elementor-element-populated\">\n\t\t\t\t\t\t\t\t<div class=\"elementor-element elementor-element-32a09ff4 elementor-widget elementor-widget-text-editor\" data-id=\"32a09ff4\" data-element_type=\"widget\" data-widget_type=\"text-editor.default\">\n\t\t\t\t<div class=\"elementor-widget-container\">\n\t\t\t\t\t\t\t<p><span style=\"font-family: tv3; font-size: 14pt; color: #ffffff;\">Quadra ACSU SO 20, Avenida Joaquim Teot\u00f4nio Segurado, s\/n\u00ba, Conj. 01, Lote 15, Sala 2205, 22\u00ba andar, Edif\u00edcio Urban Futuro; <\/span><\/p><p><span style=\"font-family: tv3; font-size: 14pt; color: #ffffff;\">Plano Diretor Sul, CEP. 77015-200, Palmas \u2013 TO<\/span><\/p>\t\t\t\t\t\t<\/div>\n\t\t\t\t<\/div>\n\t\t\t\t<div class=\"elementor-element elementor-element-157e6a4b elementor-widget elementor-widget-text-editor\" data-id=\"157e6a4b\" data-element_type=\"widget\" data-widget_type=\"text-editor.default\">\n\t\t\t\t<div class=\"elementor-widget-container\">\n\t\t\t\t\t\t\t<p><span style=\"font-size: 14pt; font-family: tv3; color: #ffffff;\"><strong>Tel. Watss:<\/strong> <a style=\"color: #ffffff;\" href=\"https:\/\/api.whatsapp.com\/send?phone=5563984210148\">(63) 98421-0148<\/a><\/span><br><span style=\"font-size: 14pt; font-family: tv3; color: #ffffff;\"><strong>Tel.<\/strong> (63) 98456-7194<\/span><br><span style=\"font-size: 14pt; font-family: tv3; color: #ffffff;\"><strong>E&#8211;mail (<\/strong>m\u00eddia): <a style=\"color: #ffffff;\" href=\"mailto:tv3adm@gmail.com\">tv3adm@gmail.com<\/a><\/span><br><span style=\"font-size: 14pt; font-family: tv3; color: #ffffff;\"><strong>Financeiro:<\/strong> <a style=\"color: #ffffff;\" href=\"mailto:tv3contas@gmail.com\">tv3contas@gmail.com<\/a><\/span><\/p>\t\t\t\t\t\t<\/div>\n\t\t\t\t<\/div>\n\t\t\t\t\t<\/div>\n\t\t<\/div>\n\t\t\t\t\t\t\t<\/div>\n\t\t<\/section>\n\t\t\t\t<div class=\"elementor-element elementor-element-5353b048 elementor-widget elementor-widget-spacer\" data-id=\"5353b048\" data-element_type=\"widget\" data-widget_type=\"spacer.default\">\n\t\t\t\t<div class=\"elementor-widget-container\">\n\t\t\t\t\t<div class=\"elementor-spacer\">\n\t\t\t<div class=\"elementor-spacer-inner\"><\/div>\n\t\t<\/div>\n\t\t\t\t<\/div>\n\t\t\t\t<\/div>\n\t\t\t\t\t<\/div>\n\t\t<\/div>\n\t\t\t\t\t\t\t<\/div>\n\t\t<\/section>\n\t\t\t\t\t\t\t<\/div>\n\t\t","protected":false},"excerpt":{"rendered":"<p>PREMIA\u00c7\u00d5ES 2013 Ve\u00edculo: R\u00c1DIO Categoria: SERVI\u00c7OS P\u00daBLICOS, SOCIAL e COMUNIT\u00c1RIO Lugar: 1\u00ba Lugar \u2013 Anunciante Assembleia Legislativa TO Lugar: 2\u00ba Lugar \u2013 Anunciante Assembleia Legislativa TO &#8211; \u00a0CPI Telefonia Gurupi 2014 Ve\u00edculo: R\u00c1DIO Categoria: SERVI\u00c7OS P\u00daBLICOS, SOCIAL e COMUNIT\u00c1RIO Lugar: 3\u00ba Lugar \u2013 Assembleia Legislativa &#8211; TO &#8211; Anivers\u00e1rio Tocantins 2016 Ve\u00edculo: DIGITAL Categoria:\u00a0 \u00daNICA [&hellip;]<\/p>\n","protected":false},"author":1,"featured_media":0,"parent":0,"menu_order":0,"comment_status":"closed","ping_status":"closed","template":"elementor_canvas","meta":{"_monsterinsights_skip_tracking":false,"_monsterinsights_sitenote_active":false,"_monsterinsights_sitenote_note":"","_monsterinsights_sitenote_category":0,"spay_email":""},"_links":{"self":[{"href":"https:\/\/agenciatv3.com.br\/index.php\/wp-json\/wp\/v2\/pages\/812"}],"collection":[{"href":"https:\/\/agenciatv3.com.br\/index.php\/wp-json\/wp\/v2\/pages"}],"about":[{"href":"https:\/\/agenciatv3.com.br\/index.php\/wp-json\/wp\/v2\/types\/page"}],"author":[{"embeddable":true,"href":"https:\/\/agenciatv3.com.br\/index.php\/wp-json\/wp\/v2\/users\/1"}],"replies":[{"embeddable":true,"href":"https:\/\/agenciatv3.com.br\/index.php\/wp-json\/wp\/v2\/comments?post=812"}],"version-history":[{"count":10,"href":"https:\/\/agenciatv3.com.br\/index.php\/wp-json\/wp\/v2\/pages\/812\/revisions"}],"predecessor-version":[{"id":943,"href":"https:\/\/agenciatv3.com.br\/index.php\/wp-json\/wp\/v2\/pages\/812\/revisions\/943"}],"wp:attachment":[{"href":"https:\/\/agenciatv3.com.br\/index.php\/wp-json\/wp\/v2\/media?parent=812"}],"curies":[{"name":"wp","href":"https:\/\/api.w.org\/{rel}","templated":true}]}}